{"id":1529,"date":"2017-02-09T14:04:48","date_gmt":"2017-02-09T14:04:48","guid":{"rendered":"http:\/\/consult.loc\/?page_id=1476"},"modified":"2025-04-09T11:25:10","modified_gmt":"2025-04-09T14:25:10","slug":"contact-two","status":"publish","type":"page","link":"https:\/\/grupomooven.com.br\/en\/contact-two\/","title":{"rendered":"Contact two"},"content":{"rendered":"\t\t<div data-elementor-type=\"wp-page\" data-elementor-id=\"1529\" class=\"elementor elementor-1529\" data-elementor-settings=\"{&quot;ha_cmc_init_switcher&quot;:&quot;no&quot;}\" data-elementor-post-type=\"page\">\n\t\t\t\t\t\t<section class=\"elementor-section elementor-top-section elementor-element elementor-element-ea1e65a elementor-section-boxed ang-section-padding-initial elementor-section-height-default elementor-section-height-default elementor-repeater-item-none elementor-repeater-item-none_hover\" data-id=\"ea1e65a\" data-element_type=\"section\" data-e-type=\"section\" data-settings=\"{&quot;background_background&quot;:&quot;classic&quot;,&quot;_ha_eqh_enable&quot;:false}\">\n\t\t\t\t\t\t<div class=\"elementor-container elementor-column-gap-default\">\n\t\t\t\t\t<div class=\"elementor-column elementor-col-100 elementor-top-column elementor-element elementor-element-ea1edd2 elementor-repeater-item-none elementor-repeater-item-none_hover\" data-id=\"ea1edd2\" data-element_type=\"column\" data-e-type=\"column\" data-settings=\"{&quot;background_background&quot;:&quot;classic&quot;}\">\n\t\t\t<div class=\"elementor-widget-wrap elementor-element-populated\">\n\t\t\t\t\t\t<div class=\"elementor-element elementor-element-ea1f322 ha-has-bg-overlay elementor-repeater-item-none elementor-repeater-item-none_hover elementor-widget elementor-widget-text-editor\" data-id=\"ea1f322\" data-element_type=\"widget\" data-e-type=\"widget\" data-widget_type=\"text-editor.default\">\n\t\t\t\t<div class=\"elementor-widget-container\">\n\t\t\t\t\t\t\t\t\t<p>Fale com a gente para tirar d\u00favidas, enviar coment\u00e1rios ou saber mais sobre as solu\u00e7\u00f5es e servi\u00e7os do Grupo Mooven.<\/p>\n\t\t\t\t\t\t\t\t<\/div>\n\t\t\t\t<\/div>\n\t\t\t\t<div class=\"elementor-element elementor-element-ea1f74f elementor-repeater-item-none elementor-repeater-item-none_hover elementor-widget elementor-widget-stm_contacts_widget\" data-id=\"ea1f74f\" data-element_type=\"widget\" data-e-type=\"widget\" data-widget_type=\"stm_contacts_widget.default\">\n\t\t\t\t<div class=\"elementor-widget-container\">\n\t\t\t\t\t\n<div class=\"stm_contacts_widget consulting_elementor_contacts_widget style_4 \">\n    \n            <h4 class=\"no_stripe\">Contatos<\/h4>\n    \n    \n        <ul>\n                            <li>\n                    <div class=\"icon\"><i class=\"fa fa-map-marker\"><\/i><\/div>\n                    <div class=\"text\">Avenida Ibirapuera 2120, 3o andar, Moema, S\u00e3o Paulo\/SP, CEP: 04028-001<\/div>\n                <\/li>\n                                        <li>\n                    <div class=\"icon\"><i class=\"fa fa-phone\"><\/i><\/div>\n                    <div class=\"text\">\n                        +55 11 93426-6629                                            <\/div>\n                <\/li>\n                                                    <li>\n                    <div class=\"icon\"><i class=\"fa fa-envelope\"><\/i><\/div>\n                    <div class=\"text\"><a href=\"mailto:&#99;&#111;&#110;tato&#64;&#103;r&#117;po&#109;o&#111;&#118;en&#46;com.b&#114;&#47;e&#110;\">&#99;&#111;&#110;&#116;ato&#64;g&#114;&#117;po&#109;o&#111;v&#101;n.c&#111;&#109;.&#98;r&#47;&#101;n<\/a><\/div>\n                <\/li>\n                                <\/ul>\n                    <ul class=\"socials\">\n                                    <li><a href=\"#\" target=\"_blank\" class=\"social-facebook\"><i class=\"fa fa-facebook\"><\/i><\/a><\/li>\n                                                    <li><a href=\"#\" target=\"_blank\" class=\"social-twitter\"><i class=\"fa fa-twitter\"><\/i><\/a><\/li>\n                                                    <li><a href=\"#\" target=\"_blank\" class=\"social-linkedin\"><i class=\"fa fa-linkedin\"><\/i><\/a><\/li>\n                                                    <li><a href=\"#\" target=\"_blank\" class=\"social-google-plus\"><i class=\"fa fa-google-plus\"><\/i><\/a><\/li>\n                                                    <li><a href=\"skype:#\" class=\"social-skype\"><i class=\"fa fa-skype\"><\/i><\/a><\/li>\n                            <\/ul>\n        \n    \n<\/div>\t\t\t\t<\/div>\n\t\t\t\t<\/div>\n\t\t\t\t\t<\/div>\n\t\t<\/div>\n\t\t\t\t<div class=\"elementor-column elementor-col-100 elementor-top-column elementor-element elementor-element-ea1fc2c elementor-repeater-item-none elementor-repeater-item-none_hover\" data-id=\"ea1fc2c\" data-element_type=\"column\" data-e-type=\"column\" data-settings=\"{&quot;background_background&quot;:&quot;classic&quot;}\">\n\t\t\t<div class=\"elementor-widget-wrap elementor-element-populated\">\n\t\t\t\t\t\t<div class=\"elementor-element elementor-element-ea201f9 elementor-repeater-item-none elementor-repeater-item-none_hover elementor-widget elementor-widget-stm_contact_form_7\" data-id=\"ea201f9\" data-element_type=\"widget\" data-e-type=\"widget\" data-widget_type=\"stm_contact_form_7.default\">\n\t\t\t\t<div class=\"elementor-widget-container\">\n\t\t\t\t\t\n<div class=\"wpcf7 no-js\" id=\"wpcf7-f1474-o1\" lang=\"en-US\" dir=\"ltr\" data-wpcf7-id=\"1474\">\n<div class=\"screen-reader-response\"><p role=\"status\" aria-live=\"polite\" aria-atomic=\"true\"><\/p> <ul><\/ul><\/div>\n<form action=\"\/en\/wp-json\/wp\/v2\/pages\/1529#wpcf7-f1474-o1\" method=\"post\" class=\"wpcf7-form init\" aria-label=\"Contact form\" novalidate=\"novalidate\" data-status=\"init\">\n<div style=\"display: none;\">\n<input type=\"hidden\" name=\"_wpcf7\" value=\"1474\" \/>\n<input type=\"hidden\" name=\"_wpcf7_version\" value=\"6.0.6\" \/>\n<input type=\"hidden\" name=\"_wpcf7_locale\" value=\"en_US\" \/>\n<input type=\"hidden\" name=\"_wpcf7_unit_tag\" value=\"wpcf7-f1474-o1\" \/>\n<input type=\"hidden\" name=\"_wpcf7_container_post\" value=\"0\" \/>\n<input type=\"hidden\" name=\"_wpcf7_posted_data_hash\" value=\"\" \/>\n<input type=\"hidden\" name=\"_wpcf7_recaptcha_response\" value=\"\" \/>\n<\/div>\n<div class=\"request_callback\">\n    <div class=\"row\">\n        <div class=\"col-lg-6 col-md-6 col-sm-6 col-xs-12\">\n            <div class=\"input-group\">\n                <span class=\"wpcf7-form-control-wrap\" data-name=\"text-name\"><input size=\"40\" maxlength=\"400\" class=\"wpcf7-form-control wpcf7-text wpcf7-validates-as-required\" aria-required=\"true\" aria-invalid=\"false\" placeholder=\"First name *\" value=\"\" type=\"text\" name=\"text-name\" \/><\/span>\n            <\/div>\n            <div class=\"input-group\">\n                <span class=\"wpcf7-form-control-wrap\" data-name=\"title\"><input size=\"40\" maxlength=\"400\" class=\"wpcf7-form-control wpcf7-text\" aria-invalid=\"false\" placeholder=\"Title\" value=\"\" type=\"text\" name=\"title\" \/><\/span>\n            <\/div>\n            <div class=\"input-group\">\n                <span class=\"wpcf7-form-control-wrap\" data-name=\"company\"><input size=\"40\" maxlength=\"400\" class=\"wpcf7-form-control wpcf7-text\" aria-invalid=\"false\" placeholder=\"Company\/Position\" value=\"\" type=\"text\" name=\"company\" \/><\/span>\n            <\/div>\n            <div class=\"input-group\">\n                <span class=\"wpcf7-form-control-wrap\" data-name=\"email\"><input size=\"40\" maxlength=\"400\" class=\"wpcf7-form-control wpcf7-email wpcf7-validates-as-required wpcf7-text wpcf7-validates-as-email\" aria-required=\"true\" aria-invalid=\"false\" placeholder=\"E-mail *\" value=\"\" type=\"email\" name=\"email\" \/><\/span>\n            <\/div>\n            <div class=\"input-group\">\n                <span class=\"wpcf7-form-control-wrap\" data-name=\"menu-774\"><select class=\"wpcf7-form-control wpcf7-select wpcf7-validates-as-required\" aria-required=\"true\" aria-invalid=\"false\" name=\"menu-774\"><option value=\"\">Reason for Contact *<\/option><option value=\"Value1\">Value1<\/option><option value=\"Value2\">Value2<\/option><\/select><\/span>\n            <\/div>\n        <\/div>\n        <div class=\"col-lg-6 col-md-6 col-sm-6 col-xs-12\">\n            <div class=\"input-group\">\n                <span class=\"wpcf7-form-control-wrap\" data-name=\"menu-363\"><select class=\"wpcf7-form-control wpcf7-select wpcf7-validates-as-required\" aria-required=\"true\" aria-invalid=\"false\" name=\"menu-363\"><option value=\"\">Area of Interest *<\/option><option value=\"Value1\">Value1<\/option><option value=\"Value2\">Value2<\/option><\/select><\/span>\n            <\/div>\n            <div class=\"input-group\">\n                <span class=\"wpcf7-form-control-wrap\" data-name=\"subject\"><input size=\"40\" maxlength=\"400\" class=\"wpcf7-form-control wpcf7-text wpcf7-validates-as-required\" aria-required=\"true\" aria-invalid=\"false\" placeholder=\"Subject *\" value=\"\" type=\"text\" name=\"subject\" \/><\/span>\n            <\/div>\n            <div class=\"input-group\">\n                <span class=\"wpcf7-form-control-wrap\" data-name=\"message\"><textarea cols=\"40\" rows=\"10\" maxlength=\"2000\" class=\"wpcf7-form-control wpcf7-textarea wpcf7-validates-as-required\" aria-required=\"true\" aria-invalid=\"false\" placeholder=\"Your Message *\" name=\"message\"><\/textarea><\/span>\n            <\/div>\n            <div class=\"input-group\">\n                <button type=\"submit\" class=\"button size-lg icon_right\">Submit <i class=\"fa fa-chevron-right\"><\/i><\/button>\n            <\/div>\n        <\/div>\n    <\/div>\n<\/div><div class=\"wpcf7-response-output\" aria-hidden=\"true\"><\/div>\n<\/form>\n<\/div>\n\t\t\t\t\t\t<\/div>\n\t\t\t\t<\/div>\n\t\t\t\t\t<\/div>\n\t\t<\/div>\n\t\t\t\t\t<\/div>\n\t\t<\/section>\n\t\t\t\t<section class=\"elementor-section elementor-top-section elementor-element elementor-element-ea2031a elementor-section-full_width ang-section-padding-initial elementor-section-height-default elementor-section-height-default elementor-repeater-item-none elementor-repeater-item-none_hover\" data-id=\"ea2031a\" data-element_type=\"section\" data-e-type=\"section\" data-settings=\"{&quot;background_background&quot;:&quot;classic&quot;,&quot;_ha_eqh_enable&quot;:false}\">\n\t\t\t\t\t\t<div class=\"elementor-container elementor-column-gap-no\">\n\t\t\t\t\t<div class=\"elementor-column elementor-col-100 elementor-top-column elementor-element elementor-element-ea20957 elementor-repeater-item-none elementor-repeater-item-none_hover\" data-id=\"ea20957\" data-element_type=\"column\" data-e-type=\"column\">\n\t\t\t<div class=\"elementor-widget-wrap elementor-element-populated\">\n\t\t\t\t\t\t<div class=\"elementor-element elementor-element-ea20d80 elementor-repeater-item-none elementor-repeater-item-none_hover elementor-widget elementor-widget-google_maps\" data-id=\"ea20d80\" data-element_type=\"widget\" data-e-type=\"widget\" data-widget_type=\"google_maps.default\">\n\t\t\t\t<div class=\"elementor-widget-container\">\n\t\t\t\t\t\t\t<div class=\"elementor-custom-embed\">\n\t\t\t<iframe loading=\"lazy\"\n\t\t\t\t\tsrc=\"https:\/\/maps.google.com\/maps?q=2120%2C%20avenida%20ibirapuera&#038;t=m&#038;z=10&#038;output=embed&#038;iwloc=near\"\n\t\t\t\t\ttitle=\"2120, avenida ibirapuera\"\n\t\t\t\t\taria-label=\"2120, avenida ibirapuera\"\n\t\t\t><\/iframe>\n\t\t<\/div>\n\t\t\t\t\t\t<\/div>\n\t\t\t\t<\/div>\n\t\t\t\t\t<\/div>\n\t\t<\/div>\n\t\t\t\t\t<\/div>\n\t\t<\/section>\n\t\t\t\t<\/div>\n\t\t","protected":false},"excerpt":{"rendered":"<p>Fale com a gente para tirar d\u00favidas, enviar coment\u00e1rios ou saber mais sobre as solu\u00e7\u00f5es e servi\u00e7os do Grupo Mooven. Contatos Avenida Ibirapuera 2120, 3o andar, Moema, S\u00e3o Paulo\/SP, CEP: 04028-001 +55 11 93426-6629 con&#116;&#97;&#116;&#111;&#64;&#103;&#114;&#117;&#112;&#111;mo&#111;&#118;e&#110;.&#99;&#111;&#109;&#46;&#98;&#114; Reason for Contact *Value1Value2 Area of Interest *Value1Value2 Submit<\/p>\n","protected":false},"author":1,"featured_media":0,"parent":0,"menu_order":0,"comment_status":"closed","ping_status":"closed","template":"","meta":{"inline_featured_image":false,"_joinchat":[],"footnotes":""},"class_list":["post-1529","page","type-page","status-publish","hentry"],"yoast_head":"<!-- This site is optimized with the Yoast SEO plugin v24.9 - https:\/\/yoast.com\/wordpress\/plugins\/seo\/ -->\n<title>Contact two - Grupo Mooven - EN<\/title>\n<meta name=\"robots\" content=\"index, follow, max-snippet:-1, max-image-preview:large, max-video-preview:-1\" \/>\n<link rel=\"canonical\" href=\"https:\/\/grupomooven.com.br\/en\/contact-two\/\" \/>\n<meta property=\"og:locale\" content=\"pt_BR\" \/>\n<meta property=\"og:type\" content=\"article\" \/>\n<meta property=\"og:title\" content=\"Contact two - Grupo Mooven - EN\" \/>\n<meta property=\"og:description\" content=\"Fale com a gente para tirar d\u00favidas, enviar coment\u00e1rios ou saber mais sobre as solu\u00e7\u00f5es e servi\u00e7os do Grupo Mooven. Contatos Avenida Ibirapuera 2120, 3o andar, Moema, S\u00e3o Paulo\/SP, CEP: 04028-001 +55 11 93426-6629 con&#116;&#097;&#116;&#111;&#064;&#103;&#114;&#117;&#112;&#111;mo&#111;&#118;e&#110;.&#099;&#111;&#109;&#046;&#098;&#114; Reason for Contact *Value1Value2 Area of Interest *Value1Value2 Submit\" \/>\n<meta property=\"og:url\" content=\"https:\/\/grupomooven.com.br\/en\/contact-two\/\" \/>\n<meta property=\"og:site_name\" content=\"Grupo Mooven - EN\" \/>\n<meta property=\"article:modified_time\" content=\"2025-04-09T14:25:10+00:00\" \/>\n<meta name=\"twitter:card\" content=\"summary_large_image\" \/>\n<meta name=\"twitter:label1\" content=\"Est. tempo de leitura\" \/>\n\t<meta name=\"twitter:data1\" content=\"1 minuto\" \/>\n<script type=\"application\/ld+json\" class=\"yoast-schema-graph\">{\"@context\":\"https:\/\/schema.org\",\"@graph\":[{\"@type\":\"WebPage\",\"@id\":\"https:\/\/grupomooven.com.br\/en\/contact-two\/\",\"url\":\"https:\/\/grupomooven.com.br\/en\/contact-two\/\",\"name\":\"Contact two - Grupo Mooven - EN\",\"isPartOf\":{\"@id\":\"https:\/\/grupomooven.com.br\/en\/#website\"},\"datePublished\":\"2017-02-09T14:04:48+00:00\",\"dateModified\":\"2025-04-09T14:25:10+00:00\",\"breadcrumb\":{\"@id\":\"https:\/\/grupomooven.com.br\/en\/contact-two\/#breadcrumb\"},\"inLanguage\":\"pt-BR\",\"potentialAction\":[{\"@type\":\"ReadAction\",\"target\":[\"https:\/\/grupomooven.com.br\/en\/contact-two\/\"]}]},{\"@type\":\"BreadcrumbList\",\"@id\":\"https:\/\/grupomooven.com.br\/en\/contact-two\/#breadcrumb\",\"itemListElement\":[{\"@type\":\"ListItem\",\"position\":1,\"name\":\"In\u00edcio\",\"item\":\"https:\/\/grupomooven.com.br\/en\/\"},{\"@type\":\"ListItem\",\"position\":2,\"name\":\"Contact two\"}]},{\"@type\":\"WebSite\",\"@id\":\"https:\/\/grupomooven.com.br\/en\/#website\",\"url\":\"https:\/\/grupomooven.com.br\/en\/\",\"name\":\"Grupo Mooven - EN\",\"description\":\"Empowering growth. Thriving together\",\"potentialAction\":[{\"@type\":\"SearchAction\",\"target\":{\"@type\":\"EntryPoint\",\"urlTemplate\":\"https:\/\/grupomooven.com.br\/en\/?s={search_term_string}\"},\"query-input\":{\"@type\":\"PropertyValueSpecification\",\"valueRequired\":true,\"valueName\":\"search_term_string\"}}],\"inLanguage\":\"pt-BR\"}]}<\/script>\n<!-- \/ Yoast SEO plugin. -->","yoast_head_json":{"title":"Contact two - Grupo Mooven - EN","robots":{"index":"index","follow":"follow","max-snippet":"max-snippet:-1","max-image-preview":"max-image-preview:large","max-video-preview":"max-video-preview:-1"},"canonical":"https:\/\/grupomooven.com.br\/en\/contact-two\/","og_locale":"pt_BR","og_type":"article","og_title":"Contact two - Grupo Mooven - EN","og_description":"Fale com a gente para tirar d\u00favidas, enviar coment\u00e1rios ou saber mais sobre as solu\u00e7\u00f5es e servi\u00e7os do Grupo Mooven. Contatos Avenida Ibirapuera 2120, 3o andar, Moema, S\u00e3o Paulo\/SP, CEP: 04028-001 +55 11 93426-6629 con&#116;&#97;&#116;&#111;&#64;&#103;&#114;&#117;&#112;&#111;mo&#111;&#118;e&#110;.&#99;&#111;&#109;&#46;&#98;&#114; Reason for Contact *Value1Value2 Area of Interest *Value1Value2 Submit","og_url":"https:\/\/grupomooven.com.br\/en\/contact-two\/","og_site_name":"Grupo Mooven - EN","article_modified_time":"2025-04-09T14:25:10+00:00","twitter_card":"summary_large_image","twitter_misc":{"Est. tempo de leitura":"1 minuto"},"schema":{"@context":"https:\/\/schema.org","@graph":[{"@type":"WebPage","@id":"https:\/\/grupomooven.com.br\/en\/contact-two\/","url":"https:\/\/grupomooven.com.br\/en\/contact-two\/","name":"Contact two - Grupo Mooven - EN","isPartOf":{"@id":"https:\/\/grupomooven.com.br\/en\/#website"},"datePublished":"2017-02-09T14:04:48+00:00","dateModified":"2025-04-09T14:25:10+00:00","breadcrumb":{"@id":"https:\/\/grupomooven.com.br\/en\/contact-two\/#breadcrumb"},"inLanguage":"pt-BR","potentialAction":[{"@type":"ReadAction","target":["https:\/\/grupomooven.com.br\/en\/contact-two\/"]}]},{"@type":"BreadcrumbList","@id":"https:\/\/grupomooven.com.br\/en\/contact-two\/#breadcrumb","itemListElement":[{"@type":"ListItem","position":1,"name":"In\u00edcio","item":"https:\/\/grupomooven.com.br\/en\/"},{"@type":"ListItem","position":2,"name":"Contact two"}]},{"@type":"WebSite","@id":"https:\/\/grupomooven.com.br\/en\/#website","url":"https:\/\/grupomooven.com.br\/en\/","name":"Grupo Mooven - EN","description":"Empowering growth. Thriving together","potentialAction":[{"@type":"SearchAction","target":{"@type":"EntryPoint","urlTemplate":"https:\/\/grupomooven.com.br\/en\/?s={search_term_string}"},"query-input":{"@type":"PropertyValueSpecification","valueRequired":true,"valueName":"search_term_string"}}],"inLanguage":"pt-BR"}]}},"_links":{"self":[{"href":"https:\/\/grupomooven.com.br\/en\/wp-json\/wp\/v2\/pages\/1529","targetHints":{"allow":["GET"]}}],"collection":[{"href":"https:\/\/grupomooven.com.br\/en\/wp-json\/wp\/v2\/pages"}],"about":[{"href":"https:\/\/grupomooven.com.br\/en\/wp-json\/wp\/v2\/types\/page"}],"author":[{"embeddable":true,"href":"https:\/\/grupomooven.com.br\/en\/wp-json\/wp\/v2\/users\/1"}],"replies":[{"embeddable":true,"href":"https:\/\/grupomooven.com.br\/en\/wp-json\/wp\/v2\/comments?post=1529"}],"version-history":[{"count":0,"href":"https:\/\/grupomooven.com.br\/en\/wp-json\/wp\/v2\/pages\/1529\/revisions"}],"wp:attachment":[{"href":"https:\/\/grupomooven.com.br\/en\/wp-json\/wp\/v2\/media?parent=1529"}],"curies":[{"name":"wp","href":"https:\/\/api.w.org\/{rel}","templated":true}]}}