{"id":47994,"date":"2023-12-01T14:32:33","date_gmt":"2023-12-01T17:32:33","guid":{"rendered":"https:\/\/grupomooven.com.br\/en\/?page_id=47994"},"modified":"2024-02-27T01:48:31","modified_gmt":"2024-02-27T04:48:31","slug":"blog","status":"publish","type":"page","link":"https:\/\/grupomooven.com.br\/en\/blog\/","title":{"rendered":"Blog"},"content":{"rendered":"\t\t<div data-elementor-type=\"wp-page\" data-elementor-id=\"47994\" class=\"elementor elementor-47994\" data-elementor-settings=\"{&quot;ha_cmc_init_switcher&quot;:&quot;no&quot;}\" data-elementor-post-type=\"page\">\n\t\t\t\t<div class=\"elementor-element elementor-element-e52fb25 e-flex e-con-boxed elementor-repeater-item-default_padding sk-none elementor-repeater-item-none elementor-repeater-item-none_hover e-con e-parent\" data-id=\"e52fb25\" data-element_type=\"container\" data-e-type=\"container\" data-settings=\"{&quot;background_background&quot;:&quot;classic&quot;,&quot;ang_container_spacing_size&quot;:&quot;default_padding&quot;,&quot;_ha_eqh_enable&quot;:false}\">\n\t\t\t\t\t<div class=\"e-con-inner\">\n\t\t\t\t<div class=\"elementor-element elementor-element-2eaca96 elementor-repeater-item-none elementor-repeater-item-none_hover elementor-widget elementor-widget-heading\" data-id=\"2eaca96\" data-element_type=\"widget\" data-e-type=\"widget\" data-widget_type=\"heading.default\">\n\t\t\t\t<div class=\"elementor-widget-container\">\n\t\t\t\t\t<h1 class=\"elementor-heading-title elementor-size-default\">Blog<span style=\"font-weight: bold;color: #39F10E\">.<\/span><\/h1>\t\t\t\t<\/div>\n\t\t\t\t<\/div>\n\t\t\t\t<div class=\"elementor-element elementor-element-8816fa8 elementor-widget__width-initial elementor-repeater-item-none elementor-repeater-item-none_hover elementor-widget elementor-widget-text-editor\" data-id=\"8816fa8\" data-element_type=\"widget\" data-e-type=\"widget\" data-widget_type=\"text-editor.default\">\n\t\t\t\t<div class=\"elementor-widget-container\">\n\t\t\t\t\t\t\t\t\t<p>Conhecimento digital ao seu alcance! Confira as \u00faltimas publica\u00e7\u00f5es do Grupo Mooven e mantenha-se atualizado.  <\/p>\n\t\t\t\t\t\t\t\t<\/div>\n\t\t\t\t<\/div>\n\t\t\t\t\t<\/div>\n\t\t\t\t<\/div>\n\t\t<div class=\"elementor-element elementor-element-f96726f e-flex e-con-boxed elementor-repeater-item-default_padding sk-none elementor-repeater-item-none elementor-repeater-item-none_hover e-con e-parent\" data-id=\"f96726f\" data-element_type=\"container\" data-e-type=\"container\" data-settings=\"{&quot;background_background&quot;:&quot;classic&quot;,&quot;ang_container_spacing_size&quot;:&quot;default_padding&quot;,&quot;_ha_eqh_enable&quot;:false}\">\n\t\t\t\t\t<div class=\"e-con-inner\">\n\t\t\t\t<div class=\"elementor-element elementor-element-b6d660a elementor-repeater-item-none elementor-repeater-item-none_hover elementor-widget elementor-widget-heading\" data-id=\"b6d660a\" data-element_type=\"widget\" data-e-type=\"widget\" data-widget_type=\"heading.default\">\n\t\t\t\t<div class=\"elementor-widget-container\">\n\t\t\t\t\t<h2 class=\"elementor-heading-title elementor-size-default\">Confira as \u00faltimas novidades<\/h2>\t\t\t\t<\/div>\n\t\t\t\t<\/div>\n\t\t\t\t\t<\/div>\n\t\t\t\t<\/div>\n\t\t<div class=\"elementor-element elementor-element-c707a88 e-grid e-con-boxed elementor-repeater-item-default_padding sk-none elementor-repeater-item-none elementor-repeater-item-none_hover e-con e-parent\" data-id=\"c707a88\" data-element_type=\"container\" data-e-type=\"container\" data-settings=\"{&quot;background_background&quot;:&quot;classic&quot;,&quot;ang_container_spacing_size&quot;:&quot;default_padding&quot;,&quot;_ha_eqh_enable&quot;:false}\">\n\t\t\t\t\t<div class=\"e-con-inner\">\n\t\t<div class=\"elementor-element elementor-element-4738fee e-flex e-con-boxed elementor-repeater-item-default_padding elementor-repeater-item-none elementor-repeater-item-none_hover e-con e-child\" data-id=\"4738fee\" data-element_type=\"container\" data-e-type=\"container\" data-settings=\"{&quot;ang_container_spacing_size&quot;:&quot;default_padding&quot;,&quot;_ha_eqh_enable&quot;:false}\">\n\t\t\t\t\t<div class=\"e-con-inner\">\n\t\t\t\t<div class=\"elementor-element elementor-element-8d5a681 elementor-widget__width-initial elementor-repeater-item-none elementor-repeater-item-none_hover elementor-widget elementor-widget-heading\" data-id=\"8d5a681\" data-element_type=\"widget\" data-e-type=\"widget\" data-widget_type=\"heading.default\">\n\t\t\t\t<div class=\"elementor-widget-container\">\n\t\t\t\t\t<h2 class=\"elementor-heading-title elementor-size-default\">Comece a <span style=\"color:#2ecc71\">acelerar<\/span> <br>\n<span style=\"color:#2ecc71\">o crescimento<\/span> do&nbsp;<br>\nseu neg\u00f3cio hoje mesmo!<\/h2>\t\t\t\t<\/div>\n\t\t\t\t<\/div>\n\t\t\t\t<div class=\"elementor-element elementor-element-64a4f15 elementor-widget__width-initial elementor-repeater-item-none elementor-repeater-item-none_hover elementor-widget elementor-widget-text-editor\" data-id=\"64a4f15\" data-element_type=\"widget\" data-e-type=\"widget\" data-widget_type=\"text-editor.default\">\n\t\t\t\t<div class=\"elementor-widget-container\">\n\t\t\t\t\t\t\t\t\t<p>Tem alguma pergunta ou quer mais informa\u00e7\u00f5es? Fale com a nossa equipe!<\/p>\n\t\t\t\t\t\t\t\t<\/div>\n\t\t\t\t<\/div>\n\t\t\t\t\t<\/div>\n\t\t\t\t<\/div>\n\t\t<div class=\"elementor-element elementor-element-6fcf670 e-con-full e-flex elementor-repeater-item-default_padding sk-none elementor-repeater-item-none elementor-repeater-item-none_hover e-con e-child\" data-id=\"6fcf670\" data-element_type=\"container\" data-e-type=\"container\" data-settings=\"{&quot;background_background&quot;:&quot;classic&quot;,&quot;ang_container_spacing_size&quot;:&quot;default_padding&quot;,&quot;_ha_eqh_enable&quot;:false}\">\n\t\t\t\t<div class=\"elementor-element elementor-element-7524c8f elementor-repeater-item-none elementor-repeater-item-none_hover elementor-widget elementor-widget-elementskit-contact-form7\" data-id=\"7524c8f\" data-element_type=\"widget\" data-e-type=\"widget\" data-widget_type=\"elementskit-contact-form7.default\">\n\t\t\t\t<div class=\"elementor-widget-container\">\n\t\t\t\t\t<div class=\"ekit-wid-con\" ><div class=\"ekit-form\">\n<div class=\"wpcf7 no-js\" id=\"wpcf7-f49553-o1\" lang=\"pt-BR\" dir=\"ltr\" data-wpcf7-id=\"49553\">\n<div class=\"screen-reader-response\"><p role=\"status\" aria-live=\"polite\" aria-atomic=\"true\"><\/p> <ul><\/ul><\/div>\n<form action=\"\/en\/wp-json\/wp\/v2\/pages\/47994#wpcf7-f49553-o1\" method=\"post\" class=\"wpcf7-form init\" aria-label=\"Formul\u00e1rios de contato\" novalidate=\"novalidate\" data-status=\"init\">\n<div style=\"display: none;\">\n<input type=\"hidden\" name=\"_wpcf7\" value=\"49553\" \/>\n<input type=\"hidden\" name=\"_wpcf7_version\" value=\"6.0.6\" \/>\n<input type=\"hidden\" name=\"_wpcf7_locale\" value=\"pt_BR\" \/>\n<input type=\"hidden\" name=\"_wpcf7_unit_tag\" value=\"wpcf7-f49553-o1\" \/>\n<input type=\"hidden\" name=\"_wpcf7_container_post\" value=\"0\" \/>\n<input type=\"hidden\" name=\"_wpcf7_posted_data_hash\" value=\"\" \/>\n<input type=\"hidden\" name=\"_wpcf7_recaptcha_response\" value=\"\" \/>\n<\/div>\n<label> Nome\n    <span class=\"wpcf7-form-control-wrap\" data-name=\"your-name\"><input size=\"40\" maxlength=\"400\" class=\"wpcf7-form-control wpcf7-text wpcf7-validates-as-required\" autocomplete=\"name\" aria-required=\"true\" aria-invalid=\"false\" value=\"\" type=\"text\" name=\"your-name\" \/><\/span> <\/label>\n\n<label> E-mail\n    <span class=\"wpcf7-form-control-wrap\" data-name=\"your-email\"><input size=\"40\" maxlength=\"400\" class=\"wpcf7-form-control wpcf7-email wpcf7-validates-as-required wpcf7-text wpcf7-validates-as-email\" autocomplete=\"email\" aria-required=\"true\" aria-invalid=\"false\" value=\"\" type=\"email\" name=\"your-email\" \/><\/span> <\/label>\n\n<label> Telefone\n    <span class=\"wpcf7-form-control-wrap\" data-name=\"phone\"><input size=\"40\" maxlength=\"400\" class=\"wpcf7-form-control wpcf7-tel wpcf7-validates-as-required wpcf7-text wpcf7-validates-as-tel\" aria-required=\"true\" aria-invalid=\"false\" value=\"\" type=\"tel\" name=\"phone\" \/><\/span> <\/label>\n\n<label> Sua mensagem (opcional)\n    <span class=\"wpcf7-form-control-wrap\" data-name=\"your-message\"><textarea cols=\"40\" rows=\"10\" maxlength=\"2000\" class=\"wpcf7-form-control wpcf7-textarea\" aria-invalid=\"false\" name=\"your-message\"><\/textarea><\/span> <\/label>\n\n<input class=\"wpcf7-form-control wpcf7-submit has-spinner\" type=\"submit\" value=\"Enviar\" \/><div class=\"wpcf7-response-output\" aria-hidden=\"true\"><\/div>\n<\/form>\n<\/div>\n<\/div><\/div>\t\t\t\t<\/div>\n\t\t\t\t<\/div>\n\t\t\t\t<\/div>\n\t\t\t\t\t<\/div>\n\t\t\t\t<\/div>\n\t\t\t\t<\/div>\n\t\t","protected":false},"excerpt":{"rendered":"<p>Blog. Conhecimento digital ao seu alcance! Confira as \u00faltimas publica\u00e7\u00f5es do Grupo Mooven e mantenha-se atualizado. Confira as \u00faltimas novidades Agilidade Corporativa Capacita\u00e7\u00e3o: t\u00e9cnicas Product Owner Breve descri\u00e7\u00e3o do produto Este treinamento permite conhecer as caracter\u00edsticas, fun\u00e7\u00f5es e responsabilidades&#8230; Ler mais Design de Produtos e Servi\u00e7os Capacita\u00e7\u00e3o: Design Thinking Breve descri\u00e7\u00e3o do produto Este treinamento&nbsp;<\/p>\n","protected":false},"author":2,"featured_media":0,"parent":0,"menu_order":0,"comment_status":"closed","ping_status":"closed","template":"","meta":{"inline_featured_image":false,"_joinchat":[],"footnotes":""},"class_list":["post-47994","page","type-page","status-publish","hentry"],"yoast_head":"<!-- This site is optimized with the Yoast SEO plugin v24.9 - https:\/\/yoast.com\/wordpress\/plugins\/seo\/ -->\n<title>Blog - Grupo Mooven - EN<\/title>\n<meta name=\"robots\" content=\"index, follow, max-snippet:-1, max-image-preview:large, max-video-preview:-1\" \/>\n<link rel=\"canonical\" href=\"https:\/\/grupomooven.com.br\/en\/blog\/\" \/>\n<meta property=\"og:locale\" content=\"pt_BR\" \/>\n<meta property=\"og:type\" content=\"article\" \/>\n<meta property=\"og:title\" content=\"Blog - Grupo Mooven - EN\" \/>\n<meta property=\"og:description\" content=\"Blog. Conhecimento digital ao seu alcance! Confira as \u00faltimas publica\u00e7\u00f5es do Grupo Mooven e mantenha-se atualizado. Confira as \u00faltimas novidades Agilidade Corporativa Capacita\u00e7\u00e3o: t\u00e9cnicas Product Owner Breve descri\u00e7\u00e3o do produto Este treinamento permite conhecer as caracter\u00edsticas, fun\u00e7\u00f5es e responsabilidades&#8230; Ler mais Design de Produtos e Servi\u00e7os Capacita\u00e7\u00e3o: Design Thinking Breve descri\u00e7\u00e3o do produto Este treinamento&nbsp;\" \/>\n<meta property=\"og:url\" content=\"https:\/\/grupomooven.com.br\/en\/blog\/\" \/>\n<meta property=\"og:site_name\" content=\"Grupo Mooven - EN\" \/>\n<meta property=\"article:modified_time\" content=\"2024-02-27T04:48:31+00:00\" \/>\n<meta property=\"og:image\" content=\"https:\/\/grupomooven.com.br\/en\/wp-content\/uploads\/sites\/7\/2023\/08\/CONSULTING_07_PRODUCTOWNER_01.png\" \/>\n<meta name=\"twitter:card\" content=\"summary_large_image\" \/>\n<meta name=\"twitter:label1\" content=\"Est. tempo de leitura\" \/>\n\t<meta name=\"twitter:data1\" content=\"1 minuto\" \/>\n<script type=\"application\/ld+json\" class=\"yoast-schema-graph\">{\"@context\":\"https:\/\/schema.org\",\"@graph\":[{\"@type\":\"WebPage\",\"@id\":\"https:\/\/grupomooven.com.br\/en\/blog\/\",\"url\":\"https:\/\/grupomooven.com.br\/en\/blog\/\",\"name\":\"Blog - Grupo Mooven - EN\",\"isPartOf\":{\"@id\":\"https:\/\/grupomooven.com.br\/en\/#website\"},\"primaryImageOfPage\":{\"@id\":\"https:\/\/grupomooven.com.br\/en\/blog\/#primaryimage\"},\"image\":{\"@id\":\"https:\/\/grupomooven.com.br\/en\/blog\/#primaryimage\"},\"thumbnailUrl\":\"https:\/\/grupomooven.com.br\/en\/wp-content\/uploads\/sites\/7\/2023\/08\/CONSULTING_07_PRODUCTOWNER_01.png\",\"datePublished\":\"2023-12-01T17:32:33+00:00\",\"dateModified\":\"2024-02-27T04:48:31+00:00\",\"breadcrumb\":{\"@id\":\"https:\/\/grupomooven.com.br\/en\/blog\/#breadcrumb\"},\"inLanguage\":\"pt-BR\",\"potentialAction\":[{\"@type\":\"ReadAction\",\"target\":[\"https:\/\/grupomooven.com.br\/en\/blog\/\"]}]},{\"@type\":\"ImageObject\",\"inLanguage\":\"pt-BR\",\"@id\":\"https:\/\/grupomooven.com.br\/en\/blog\/#primaryimage\",\"url\":\"https:\/\/grupomooven.com.br\/en\/wp-content\/uploads\/sites\/7\/2023\/08\/CONSULTING_07_PRODUCTOWNER_01.png\",\"contentUrl\":\"https:\/\/grupomooven.com.br\/en\/wp-content\/uploads\/sites\/7\/2023\/08\/CONSULTING_07_PRODUCTOWNER_01.png\",\"width\":1080,\"height\":1080},{\"@type\":\"BreadcrumbList\",\"@id\":\"https:\/\/grupomooven.com.br\/en\/blog\/#breadcrumb\",\"itemListElement\":[{\"@type\":\"ListItem\",\"position\":1,\"name\":\"In\u00edcio\",\"item\":\"https:\/\/grupomooven.com.br\/en\/\"},{\"@type\":\"ListItem\",\"position\":2,\"name\":\"Blog\"}]},{\"@type\":\"WebSite\",\"@id\":\"https:\/\/grupomooven.com.br\/en\/#website\",\"url\":\"https:\/\/grupomooven.com.br\/en\/\",\"name\":\"Grupo Mooven - EN\",\"description\":\"Empowering growth. Thriving together\",\"potentialAction\":[{\"@type\":\"SearchAction\",\"target\":{\"@type\":\"EntryPoint\",\"urlTemplate\":\"https:\/\/grupomooven.com.br\/en\/?s={search_term_string}\"},\"query-input\":{\"@type\":\"PropertyValueSpecification\",\"valueRequired\":true,\"valueName\":\"search_term_string\"}}],\"inLanguage\":\"pt-BR\"}]}<\/script>\n<!-- \/ Yoast SEO plugin. -->","yoast_head_json":{"title":"Blog - Grupo Mooven - EN","robots":{"index":"index","follow":"follow","max-snippet":"max-snippet:-1","max-image-preview":"max-image-preview:large","max-video-preview":"max-video-preview:-1"},"canonical":"https:\/\/grupomooven.com.br\/en\/blog\/","og_locale":"pt_BR","og_type":"article","og_title":"Blog - Grupo Mooven - EN","og_description":"Blog. Conhecimento digital ao seu alcance! Confira as \u00faltimas publica\u00e7\u00f5es do Grupo Mooven e mantenha-se atualizado. Confira as \u00faltimas novidades Agilidade Corporativa Capacita\u00e7\u00e3o: t\u00e9cnicas Product Owner Breve descri\u00e7\u00e3o do produto Este treinamento permite conhecer as caracter\u00edsticas, fun\u00e7\u00f5es e responsabilidades&#8230; Ler mais Design de Produtos e Servi\u00e7os Capacita\u00e7\u00e3o: Design Thinking Breve descri\u00e7\u00e3o do produto Este treinamento&nbsp;","og_url":"https:\/\/grupomooven.com.br\/en\/blog\/","og_site_name":"Grupo Mooven - EN","article_modified_time":"2024-02-27T04:48:31+00:00","og_image":[{"url":"https:\/\/grupomooven.com.br\/en\/wp-content\/uploads\/sites\/7\/2023\/08\/CONSULTING_07_PRODUCTOWNER_01.png","type":"","width":"","height":""}],"twitter_card":"summary_large_image","twitter_misc":{"Est. tempo de leitura":"1 minuto"},"schema":{"@context":"https:\/\/schema.org","@graph":[{"@type":"WebPage","@id":"https:\/\/grupomooven.com.br\/en\/blog\/","url":"https:\/\/grupomooven.com.br\/en\/blog\/","name":"Blog - Grupo Mooven - EN","isPartOf":{"@id":"https:\/\/grupomooven.com.br\/en\/#website"},"primaryImageOfPage":{"@id":"https:\/\/grupomooven.com.br\/en\/blog\/#primaryimage"},"image":{"@id":"https:\/\/grupomooven.com.br\/en\/blog\/#primaryimage"},"thumbnailUrl":"https:\/\/grupomooven.com.br\/en\/wp-content\/uploads\/sites\/7\/2023\/08\/CONSULTING_07_PRODUCTOWNER_01.png","datePublished":"2023-12-01T17:32:33+00:00","dateModified":"2024-02-27T04:48:31+00:00","breadcrumb":{"@id":"https:\/\/grupomooven.com.br\/en\/blog\/#breadcrumb"},"inLanguage":"pt-BR","potentialAction":[{"@type":"ReadAction","target":["https:\/\/grupomooven.com.br\/en\/blog\/"]}]},{"@type":"ImageObject","inLanguage":"pt-BR","@id":"https:\/\/grupomooven.com.br\/en\/blog\/#primaryimage","url":"https:\/\/grupomooven.com.br\/en\/wp-content\/uploads\/sites\/7\/2023\/08\/CONSULTING_07_PRODUCTOWNER_01.png","contentUrl":"https:\/\/grupomooven.com.br\/en\/wp-content\/uploads\/sites\/7\/2023\/08\/CONSULTING_07_PRODUCTOWNER_01.png","width":1080,"height":1080},{"@type":"BreadcrumbList","@id":"https:\/\/grupomooven.com.br\/en\/blog\/#breadcrumb","itemListElement":[{"@type":"ListItem","position":1,"name":"In\u00edcio","item":"https:\/\/grupomooven.com.br\/en\/"},{"@type":"ListItem","position":2,"name":"Blog"}]},{"@type":"WebSite","@id":"https:\/\/grupomooven.com.br\/en\/#website","url":"https:\/\/grupomooven.com.br\/en\/","name":"Grupo Mooven - EN","description":"Empowering growth. Thriving together","potentialAction":[{"@type":"SearchAction","target":{"@type":"EntryPoint","urlTemplate":"https:\/\/grupomooven.com.br\/en\/?s={search_term_string}"},"query-input":{"@type":"PropertyValueSpecification","valueRequired":true,"valueName":"search_term_string"}}],"inLanguage":"pt-BR"}]}},"_links":{"self":[{"href":"https:\/\/grupomooven.com.br\/en\/wp-json\/wp\/v2\/pages\/47994","targetHints":{"allow":["GET"]}}],"collection":[{"href":"https:\/\/grupomooven.com.br\/en\/wp-json\/wp\/v2\/pages"}],"about":[{"href":"https:\/\/grupomooven.com.br\/en\/wp-json\/wp\/v2\/types\/page"}],"author":[{"embeddable":true,"href":"https:\/\/grupomooven.com.br\/en\/wp-json\/wp\/v2\/users\/2"}],"replies":[{"embeddable":true,"href":"https:\/\/grupomooven.com.br\/en\/wp-json\/wp\/v2\/comments?post=47994"}],"version-history":[{"count":0,"href":"https:\/\/grupomooven.com.br\/en\/wp-json\/wp\/v2\/pages\/47994\/revisions"}],"wp:attachment":[{"href":"https:\/\/grupomooven.com.br\/en\/wp-json\/wp\/v2\/media?parent=47994"}],"curies":[{"name":"wp","href":"https:\/\/api.w.org\/{rel}","templated":true}]}}