{"id":6318,"date":"2019-12-09T11:41:49","date_gmt":"2019-12-09T11:41:49","guid":{"rendered":"http:\/\/consulting.stylemixthemes.com\/demo\/?page_id=6318"},"modified":"2019-12-09T11:41:49","modified_gmt":"2019-12-09T11:41:49","slug":"cases-list","status":"publish","type":"page","link":"https:\/\/grupomooven.com.br\/en\/cases-list\/","title":{"rendered":"Cases list"},"content":{"rendered":"\t\t<div data-elementor-type=\"wp-page\" data-elementor-id=\"6318\" class=\"elementor elementor-6318 elementor-bc-flex-widget\" data-elementor-settings=\"{&quot;ha_cmc_init_switcher&quot;:&quot;no&quot;}\" data-elementor-post-type=\"page\">\n\t\t\t\t\t\t<section class=\"elementor-section elementor-top-section elementor-element elementor-element-786ff9f elementor-section-boxed ang-section-padding-initial elementor-section-height-default elementor-section-height-default elementor-repeater-item-none elementor-repeater-item-none_hover\" data-id=\"786ff9f\" data-element_type=\"section\" data-e-type=\"section\" data-settings=\"{&quot;_ha_eqh_enable&quot;:false}\">\n\t\t\t\t\t\t<div class=\"elementor-container elementor-column-gap-default\">\n\t\t\t\t\t<div class=\"elementor-column elementor-col-66 elementor-top-column elementor-element elementor-element-7870470 elementor-repeater-item-none elementor-repeater-item-none_hover\" data-id=\"7870470\" data-element_type=\"column\" data-e-type=\"column\">\n\t\t\t<div class=\"elementor-widget-wrap elementor-element-populated\">\n\t\t\t\t\t\t<div class=\"elementor-element elementor-element-78707c9 elementor-repeater-item-none elementor-repeater-item-none_hover elementor-widget elementor-widget-stm_news\" data-id=\"78707c9\" data-element_type=\"widget\" data-e-type=\"widget\" data-widget_type=\"stm_news.default\">\n\t\t\t\t<div class=\"elementor-widget-container\">\n\t\t\t\t\t\n\n    <div class=\"stm_news  consulting_elementor_posts\">\n        <ul class=\"news_list posts_per_row_\">\n\n            \n                                <li class=\"view_style_3\">\n                    <div class=\"post_item\">\n                                                    <a href=\"https:\/\/grupomooven.com.br\/en\/blog\/works\/healthcare-giant-overcomes-merger-risks-for-growth\/\" class=\"image\">\n                                <img src='https:\/\/grupomooven.com.br\/en\/wp-content\/uploads\/sites\/7\/2024\/08\/osaka-post-1-150x150.jpg' alt='theme_placeholder' \/>                            <\/a>\n                                                <div class=\"content\">\n                            <a href=\"https:\/\/grupomooven.com.br\/en\/blog\/works\/healthcare-giant-overcomes-merger-risks-for-growth\/\" class=\"title base_font_color\">\n                                <h5 class=\"secondary_font_color_hv\">Healthcare giant overcomes merger in 2015<\/h5>\n                            <\/a>\n                            <div class=\"description\">\n                                <p>Business Services<\/p>\n                            <\/div>\n                            <a href=\"https:\/\/grupomooven.com.br\/en\/blog\/works\/healthcare-giant-overcomes-merger-risks-for-growth\/\" class=\"read_more\">\n                                <i class=\"stm-lnr-arrow-right third_bg_color base_bg_color_hv\"><\/i>\n                                <span>\n                                Read more                                <\/span>\n                            <\/a>\n                        <\/div>\n                    <\/div>\n                <\/li>\n\n            \n                                <li class=\"view_style_3\">\n                    <div class=\"post_item\">\n                                                    <a href=\"https:\/\/grupomooven.com.br\/en\/blog\/works\/focus-on-core-delivers-growth-for-retailer\/\" class=\"image\">\n                                <img src='https:\/\/grupomooven.com.br\/en\/wp-content\/uploads\/sites\/7\/2024\/08\/osaka-post-2-150x150.jpg' alt='theme_placeholder' \/>                            <\/a>\n                                                <div class=\"content\">\n                            <a href=\"https:\/\/grupomooven.com.br\/en\/blog\/works\/focus-on-core-delivers-growth-for-retailer\/\" class=\"title base_font_color\">\n                                <h5 class=\"secondary_font_color_hv\">Focus on core delivers growth for retailer trading<\/h5>\n                            <\/a>\n                            <div class=\"description\">\n                                <p>Travel &amp; Aviation<\/p>\n                            <\/div>\n                            <a href=\"https:\/\/grupomooven.com.br\/en\/blog\/works\/focus-on-core-delivers-growth-for-retailer\/\" class=\"read_more\">\n                                <i class=\"stm-lnr-arrow-right third_bg_color base_bg_color_hv\"><\/i>\n                                <span>\n                                Read more                                <\/span>\n                            <\/a>\n                        <\/div>\n                    <\/div>\n                <\/li>\n\n            \n                                <li class=\"view_style_3\">\n                    <div class=\"post_item\">\n                                                    <a href=\"https:\/\/grupomooven.com.br\/en\/blog\/works\/transformation-sparks-financial-leaders-turnaround\/\" class=\"image\">\n                                <img src='https:\/\/grupomooven.com.br\/en\/wp-content\/uploads\/sites\/7\/2024\/08\/osaka-post-3-150x150.jpg' alt='theme_placeholder' \/>                            <\/a>\n                                                <div class=\"content\">\n                            <a href=\"https:\/\/grupomooven.com.br\/en\/blog\/works\/transformation-sparks-financial-leaders-turnaround\/\" class=\"title base_font_color\">\n                                <h5 class=\"secondary_font_color_hv\">Transformation sparks financial income for all<\/h5>\n                            <\/a>\n                            <div class=\"description\">\n                                <p>Business Services<\/p>\n                            <\/div>\n                            <a href=\"https:\/\/grupomooven.com.br\/en\/blog\/works\/transformation-sparks-financial-leaders-turnaround\/\" class=\"read_more\">\n                                <i class=\"stm-lnr-arrow-right third_bg_color base_bg_color_hv\"><\/i>\n                                <span>\n                                Read more                                <\/span>\n                            <\/a>\n                        <\/div>\n                    <\/div>\n                <\/li>\n\n            \n                                <li class=\"view_style_3\">\n                    <div class=\"post_item\">\n                                                    <a href=\"https:\/\/grupomooven.com.br\/en\/blog\/works\/increased-sales-productivity-frees-selling-time-and-saves-millions\/\" class=\"image\">\n                                <img src='https:\/\/grupomooven.com.br\/en\/wp-content\/uploads\/sites\/7\/2024\/08\/osaka-post-4-150x150.jpg' alt='theme_placeholder' \/>                            <\/a>\n                                                <div class=\"content\">\n                            <a href=\"https:\/\/grupomooven.com.br\/en\/blog\/works\/increased-sales-productivity-frees-selling-time-and-saves-millions\/\" class=\"title base_font_color\">\n                                <h5 class=\"secondary_font_color_hv\">Increased sales productivity frees selling time and saves millions<\/h5>\n                            <\/a>\n                            <div class=\"description\">\n                                                            <\/div>\n                            <a href=\"https:\/\/grupomooven.com.br\/en\/blog\/works\/increased-sales-productivity-frees-selling-time-and-saves-millions\/\" class=\"read_more\">\n                                <i class=\"stm-lnr-arrow-right third_bg_color base_bg_color_hv\"><\/i>\n                                <span>\n                                Read more                                <\/span>\n                            <\/a>\n                        <\/div>\n                    <\/div>\n                <\/li>\n\n            \n                                <li class=\"view_style_3\">\n                    <div class=\"post_item\">\n                                                    <a href=\"https:\/\/grupomooven.com.br\/en\/blog\/works\/constructing-a-best-in-class-global-procurement\/\" class=\"image\">\n                                <img src='https:\/\/grupomooven.com.br\/en\/wp-content\/uploads\/sites\/7\/2024\/08\/osaka-post-1-150x150.jpg' alt='theme_placeholder' \/>                            <\/a>\n                                                <div class=\"content\">\n                            <a href=\"https:\/\/grupomooven.com.br\/en\/blog\/works\/constructing-a-best-in-class-global-procurement\/\" class=\"title base_font_color\">\n                                <h5 class=\"secondary_font_color_hv\">Constructing a best-in-class global procurement<\/h5>\n                            <\/a>\n                            <div class=\"description\">\n                                                            <\/div>\n                            <a href=\"https:\/\/grupomooven.com.br\/en\/blog\/works\/constructing-a-best-in-class-global-procurement\/\" class=\"read_more\">\n                                <i class=\"stm-lnr-arrow-right third_bg_color base_bg_color_hv\"><\/i>\n                                <span>\n                                Read more                                <\/span>\n                            <\/a>\n                        <\/div>\n                    <\/div>\n                <\/li>\n\n                    <\/ul>\n    <\/div>\n\t\t\t\t<\/div>\n\t\t\t\t<\/div>\n\t\t\t\t\t<\/div>\n\t\t<\/div>\n\t\t\t\t<div class=\"elementor-column elementor-col-33 elementor-top-column elementor-element elementor-element-7870884 elementor-repeater-item-none elementor-repeater-item-none_hover\" data-id=\"7870884\" data-element_type=\"column\" data-e-type=\"column\">\n\t\t\t<div class=\"elementor-widget-wrap elementor-element-populated\">\n\t\t\t\t\t\t<div class=\"elementor-element elementor-element-7870c36 elementor-repeater-item-none elementor-repeater-item-none_hover elementor-widget elementor-widget-stm_sidebar\" data-id=\"7870c36\" data-element_type=\"widget\" data-e-type=\"widget\" data-widget_type=\"stm_sidebar.default\">\n\t\t\t\t<div class=\"elementor-widget-container\">\n\t\t\t\t\t\n<div class=\"stm_sidebar consulting_elementor_sidebar\">\n\n            \t\t<div data-elementor-type=\"wp-post\" data-elementor-id=\"573\" class=\"elementor elementor-573 elementor-bc-flex-widget\" data-elementor-settings=\"{&quot;ha_cmc_init_switcher&quot;:&quot;no&quot;}\" data-elementor-post-type=\"stm_vc_sidebar\">\n\t\t\t\t\t\t<section class=\"elementor-section elementor-top-section elementor-element elementor-element-52bd418 third_bg_color elementor-section-boxed ang-section-padding-initial elementor-section-height-default elementor-section-height-default elementor-repeater-item-none elementor-repeater-item-none_hover\" data-id=\"52bd418\" data-element_type=\"section\" data-e-type=\"section\" data-settings=\"{&quot;background_background&quot;:&quot;classic&quot;,&quot;_ha_eqh_enable&quot;:false}\">\n\t\t\t\t\t\t<div class=\"elementor-container elementor-column-gap-default\">\n\t\t\t\t\t<div class=\"elementor-column elementor-col-100 elementor-top-column elementor-element elementor-element-52bdcda elementor-repeater-item-none elementor-repeater-item-none_hover\" data-id=\"52bdcda\" data-element_type=\"column\" data-e-type=\"column\" data-settings=\"{&quot;background_background&quot;:&quot;classic&quot;}\">\n\t\t\t<div class=\"elementor-widget-wrap elementor-element-populated\">\n\t\t\t\t\t\t<div class=\"elementor-element elementor-element-52be216 ha-has-bg-overlay elementor-repeater-item-none elementor-repeater-item-none_hover elementor-widget elementor-widget-vc_custom_heading\" data-id=\"52be216\" data-element_type=\"widget\" data-e-type=\"widget\" data-widget_type=\"vc_custom_heading.default\">\n\t\t\t\t<div class=\"elementor-widget-container\">\n\t\t\t\t\t<div class=\" vc_custom_heading  consulting_heading_font  text_align_left title_no_stripe\" ><h4 style=\"font-size: 16px;color: #ffffff;text-align: left;font-weight:700\" class=\"consulting-custom-title\">how can we help you?\n<\/h4><\/div>\t\t\t\t<\/div>\n\t\t\t\t<\/div>\n\t\t\t\t<div class=\"elementor-element elementor-element-52be677 ha-has-bg-overlay elementor-repeater-item-none elementor-repeater-item-none_hover elementor-widget elementor-widget-text-editor\" data-id=\"52be677\" data-element_type=\"widget\" data-e-type=\"widget\" data-widget_type=\"text-editor.default\">\n\t\t\t\t<div class=\"elementor-widget-container\">\n\t\t\t\t\t\t\t\t\t<p><span style=\"font-size: 13px; line-height: 22px; color: #ffffff;\">Contact us at the Consulting WP office nearest to you or submit a business inquiry online.<\/span><\/p>\n\t\t\t\t\t\t\t\t<\/div>\n\t\t\t\t<\/div>\n\t\t\t\t<div class=\"elementor-element elementor-element-52bf286 elementor-widget__width-auto elementor-repeater-item-none elementor-repeater-item-none_hover elementor-widget elementor-widget-button\" data-id=\"52bf286\" data-element_type=\"widget\" data-e-type=\"widget\" data-widget_type=\"button.default\">\n\t\t\t\t<div class=\"elementor-widget-container\">\n\t\t\t\t\t\t\t\t\t<div class=\"elementor-button-wrapper icon_align_  \">\n\t\t\t\t\t<a class=\"elementor-button elementor-button-link elementor-size-sm\" href=\"http:\/\/consulting.stylemixthemes.com\/demo\/contact-us\/\">\n\t\t\t\t\t\t<span class=\"elementor-button-content-wrapper\">\n\t\t\t\t\t\t<span class=\"elementor-button-icon\">\n\t\t\t\t\t\t\t\t\t<i class=\"\" aria-hidden=\"true\"><\/i>\n\t\t\t\t\t\t\t<\/span>\n\t\t\t\t\t\t\t\t\t<span class=\"elementor-button-text\">contacts<\/span>\n\t\t\t\t\t<\/span>\n\t\t\t\t\t<\/a>\n\t\t\t\t<\/div>\n\t\t\t\t\t\t\t\t<\/div>\n\t\t\t\t<\/div>\n\t\t\t\t\t<\/div>\n\t\t<\/div>\n\t\t\t\t\t<\/div>\n\t\t<\/section>\n\t\t\t\t<section class=\"elementor-section elementor-top-section elementor-element elementor-element-52c07ad elementor-section-boxed ang-section-padding-initial elementor-section-height-default elementor-section-height-default elementor-repeater-item-none elementor-repeater-item-none_hover\" data-id=\"52c07ad\" data-element_type=\"section\" data-e-type=\"section\" data-settings=\"{&quot;background_background&quot;:&quot;classic&quot;,&quot;_ha_eqh_enable&quot;:false}\">\n\t\t\t\t\t\t<div class=\"elementor-container elementor-column-gap-default\">\n\t\t\t\t\t<div class=\"elementor-column elementor-col-100 elementor-top-column elementor-element elementor-element-52c0c9f elementor-repeater-item-none elementor-repeater-item-none_hover\" data-id=\"52c0c9f\" data-element_type=\"column\" data-e-type=\"column\">\n\t\t\t<div class=\"elementor-widget-wrap elementor-element-populated\">\n\t\t\t\t\t\t<div class=\"elementor-element elementor-element-52c1194 elementor-align-left ha-has-bg-overlay elementor-repeater-item-none elementor-repeater-item-none_hover elementor-widget elementor-widget-button\" data-id=\"52c1194\" data-element_type=\"widget\" data-e-type=\"widget\" data-widget_type=\"button.default\">\n\t\t\t\t<div class=\"elementor-widget-container\">\n\t\t\t\t\t\t\t\t\t<div class=\"elementor-button-wrapper icon_align_  button_block\">\n\t\t\t\t\t<a class=\"elementor-button elementor-button-link elementor-size-lg\" href=\"#\">\n\t\t\t\t\t\t<span class=\"elementor-button-content-wrapper\">\n\t\t\t\t\t\t<span class=\"elementor-button-icon\">\n\t\t\t\t\t\t\t\t\t<i class=\"\" aria-hidden=\"true\"><\/i>\n\t\t\t\t\t\t\t<\/span>\n\t\t\t\t\t\t\t\t\t<span class=\"elementor-button-text\">Company presentation<\/span>\n\t\t\t\t\t<\/span>\n\t\t\t\t\t<\/a>\n\t\t\t\t<\/div>\n\t\t\t\t\t\t\t\t<\/div>\n\t\t\t\t<\/div>\n\t\t\t\t<div class=\"elementor-element elementor-element-52c2124 elementor-repeater-item-none elementor-repeater-item-none_hover elementor-widget elementor-widget-stm_testimonials\" data-id=\"52c2124\" data-element_type=\"widget\" data-e-type=\"widget\" data-widget_type=\"stm_testimonials.default\">\n\t\t\t\t<div class=\"elementor-widget-container\">\n\t\t\t\t\t\n\n\t\t\t<div class=\"stm_testimonials consulting_elementor_testimonials cols_2 style_1\">\n\t\t\t\t\t\t\t<div class=\"item\">\n\t\t\t\t\t<div class=\"testimonial\"><p>&#8220;We believe every company can go further when there is clarity of purpose, discipline in execution, and the courage to transform. Mooven was born with this spirit and has become a real growth platform for businesses seeking to evolve with intelligence and consistency.&#8221;<\/p>\n<\/div>\n\t\t\t\t\t<div class=\"testimonial-info clearfix\">\n\t\t\t\t\t\t<div class=\"testimonial-image\"><img decoding=\"async\" width=\"50\" height=\"50\" src=\"https:\/\/grupomooven.com.br\/en\/wp-content\/uploads\/sites\/7\/2018\/12\/Foto-Sergio-50x50.jpg\" class=\"attachment-consulting-image-50x50-croped size-consulting-image-50x50-croped wp-post-image\" alt=\"\" srcset=\"https:\/\/grupomooven.com.br\/en\/wp-content\/uploads\/sites\/7\/2018\/12\/Foto-Sergio-50x50.jpg 50w, https:\/\/grupomooven.com.br\/en\/wp-content\/uploads\/sites\/7\/2018\/12\/Foto-Sergio-150x150.jpg 150w, https:\/\/grupomooven.com.br\/en\/wp-content\/uploads\/sites\/7\/2018\/12\/Foto-Sergio-320x320.jpg 320w, https:\/\/grupomooven.com.br\/en\/wp-content\/uploads\/sites\/7\/2018\/12\/Foto-Sergio-300x300.jpg 300w, https:\/\/grupomooven.com.br\/en\/wp-content\/uploads\/sites\/7\/2018\/12\/Foto-Sergio-100x100.jpg 100w\" sizes=\"(max-width: 50px) 100vw, 50px\" \/><\/div>\n\t\t\t\t\t\t<div class=\"testimonial-text\">\n\t\t\t\t\t\t\t<div class=\"name\">Sergio Fernandes<\/div>\n\t\t\t\t\t\t\t<div class=\"company\">\n\t\t\t\t\t\t\tFounding Partner, Grupo Mooven\t\t\t\t\t\t\t<\/div>\n\t\t\t\t\t\t<\/div>\n\t\t\t\t\t<\/div>\n\t\t\t\t<\/div>\n\t\t\t\t\t<\/div>\n\t\n\t\t\t\t\t<\/div>\n\t\t\t\t<\/div>\n\t\t\t\t<div class=\"elementor-element elementor-element-52c223b elementor-repeater-item-none elementor-repeater-item-none_hover elementor-widget elementor-widget-wp-widget-recent-posts\" data-id=\"52c223b\" data-element_type=\"widget\" data-e-type=\"widget\" data-widget_type=\"wp-widget-recent-posts.default\">\n\t\t\t\t<div class=\"elementor-widget-container\">\n\t\t\t\t\t<aside class='widget widget_recent_entries'>\n\t\t\n\t\t<h5 class=\"widget_title\">Posts recentes<\/h5>\n\t\t<ul>\n\t\t\t\t\t\t\t\t\t\t\t<li>\n\t\t\t\t\t<a href=\"https:\/\/grupomooven.com.br\/en\/blog\/transmissoes-ao-vivo\/\">O Futuro \u00c9 Agora: Como Transmiss\u00f5es ao Vivo Est\u00e3o Moldando o Mundo dos Neg\u00f3cios<\/a>\n\t\t\t\t\t\t\t\t\t<\/li>\n\t\t\t\t\t\t\t\t\t\t\t<li>\n\t\t\t\t\t<a href=\"https:\/\/grupomooven.com.br\/en\/blog\/design-estrategico\/\">Maximizando Resultados: Os Benef\u00edcios \u00danicos do Design Estrat\u00e9gico<\/a>\n\t\t\t\t\t\t\t\t\t<\/li>\n\t\t\t\t\t\t\t\t\t\t\t<li>\n\t\t\t\t\t<a href=\"https:\/\/grupomooven.com.br\/en\/blog\/inteligencia-de-dados-e-transformacao-digital\/\">Supera\u00e7\u00e3o dos Desafios Comuns na Jornada de Transforma\u00e7\u00e3o Digital e Intelig\u00eancia de Dados<\/a>\n\t\t\t\t\t\t\t\t\t<\/li>\n\t\t\t\t\t\t\t\t\t\t\t<li>\n\t\t\t\t\t<a href=\"https:\/\/grupomooven.com.br\/en\/blog\/a-digital-prescription-for-the-pharma-industry\/\">A digital prescription for the pharma industry<\/a>\n\t\t\t\t\t\t\t\t\t<\/li>\n\t\t\t\t\t\t\t\t\t\t\t<li>\n\t\t\t\t\t<a href=\"https:\/\/grupomooven.com.br\/en\/blog\/narrow-your-focus-to-prevent-overanalysis-2\/\">Narrow Your Focus to Prevent Overanalysis<\/a>\n\t\t\t\t\t\t\t\t\t<\/li>\n\t\t\t\t\t<\/ul>\n\n\t\t<\/aside>\t\t\t\t<\/div>\n\t\t\t\t<\/div>\n\t\t\t\t\t<\/div>\n\t\t<\/div>\n\t\t\t\t\t<\/div>\n\t\t<\/section>\n\t\t\t\t<\/div>\n\t\t    \n<\/div>\t\t\t\t<\/div>\n\t\t\t\t<\/div>\n\t\t\t\t\t<\/div>\n\t\t<\/div>\n\t\t\t\t\t<\/div>\n\t\t<\/section>\n\t\t\t\t<\/div>\n\t\t","protected":false},"excerpt":{"rendered":"<p>[vc_row][vc_column width=&#8221;2\/3&#8243;][stm_news loop=&#8221;size:5|post_type:stm_works&#8221; view_style=&#8221;style_3&#8243; img_size=&#8221;260&#215;170&#8243;][\/vc_column][vc_column width=&#8221;1\/3&#8243;][stm_sidebar sidebar=&#8221;573&#8243;][\/vc_column][\/vc_row]<\/p>\n","protected":false},"author":1,"featured_media":0,"parent":0,"menu_order":0,"comment_status":"closed","ping_status":"closed","template":"","meta":{"inline_featured_image":false,"_joinchat":[],"footnotes":""},"class_list":["post-6318","page","type-page","status-publish","hentry"],"yoast_head":"<!-- This site is optimized with the Yoast SEO plugin v24.9 - https:\/\/yoast.com\/wordpress\/plugins\/seo\/ -->\n<title>Cases list - Grupo Mooven - EN<\/title>\n<meta name=\"robots\" content=\"index, follow, max-snippet:-1, max-image-preview:large, max-video-preview:-1\" \/>\n<link rel=\"canonical\" href=\"https:\/\/grupomooven.com.br\/en\/cases-list\/\" \/>\n<meta property=\"og:locale\" content=\"pt_BR\" \/>\n<meta property=\"og:type\" content=\"article\" \/>\n<meta property=\"og:title\" content=\"Cases list - Grupo Mooven - EN\" \/>\n<meta property=\"og:description\" content=\"[vc_row][vc_column width=&#8221;2\/3&#8243;][stm_news loop=&#8221;size:5|post_type:stm_works&#8221; view_style=&#8221;style_3&#8243; img_size=&#8221;260&#215;170&#8243;][\/vc_column][vc_column width=&#8221;1\/3&#8243;][stm_sidebar sidebar=&#8221;573&#8243;][\/vc_column][\/vc_row]\" \/>\n<meta property=\"og:url\" content=\"https:\/\/grupomooven.com.br\/en\/cases-list\/\" \/>\n<meta property=\"og:site_name\" content=\"Grupo Mooven - EN\" \/>\n<meta name=\"twitter:card\" content=\"summary_large_image\" \/>\n<script type=\"application\/ld+json\" class=\"yoast-schema-graph\">{\"@context\":\"https:\/\/schema.org\",\"@graph\":[{\"@type\":\"WebPage\",\"@id\":\"https:\/\/grupomooven.com.br\/en\/cases-list\/\",\"url\":\"https:\/\/grupomooven.com.br\/en\/cases-list\/\",\"name\":\"Cases list - Grupo Mooven - EN\",\"isPartOf\":{\"@id\":\"https:\/\/grupomooven.com.br\/en\/#website\"},\"datePublished\":\"2019-12-09T11:41:49+00:00\",\"breadcrumb\":{\"@id\":\"https:\/\/grupomooven.com.br\/en\/cases-list\/#breadcrumb\"},\"inLanguage\":\"pt-BR\",\"potentialAction\":[{\"@type\":\"ReadAction\",\"target\":[\"https:\/\/grupomooven.com.br\/en\/cases-list\/\"]}]},{\"@type\":\"BreadcrumbList\",\"@id\":\"https:\/\/grupomooven.com.br\/en\/cases-list\/#breadcrumb\",\"itemListElement\":[{\"@type\":\"ListItem\",\"position\":1,\"name\":\"In\u00edcio\",\"item\":\"https:\/\/grupomooven.com.br\/en\/\"},{\"@type\":\"ListItem\",\"position\":2,\"name\":\"Cases list\"}]},{\"@type\":\"WebSite\",\"@id\":\"https:\/\/grupomooven.com.br\/en\/#website\",\"url\":\"https:\/\/grupomooven.com.br\/en\/\",\"name\":\"Grupo Mooven - EN\",\"description\":\"Empowering growth. Thriving together\",\"potentialAction\":[{\"@type\":\"SearchAction\",\"target\":{\"@type\":\"EntryPoint\",\"urlTemplate\":\"https:\/\/grupomooven.com.br\/en\/?s={search_term_string}\"},\"query-input\":{\"@type\":\"PropertyValueSpecification\",\"valueRequired\":true,\"valueName\":\"search_term_string\"}}],\"inLanguage\":\"pt-BR\"}]}<\/script>\n<!-- \/ Yoast SEO plugin. -->","yoast_head_json":{"title":"Cases list - Grupo Mooven - EN","robots":{"index":"index","follow":"follow","max-snippet":"max-snippet:-1","max-image-preview":"max-image-preview:large","max-video-preview":"max-video-preview:-1"},"canonical":"https:\/\/grupomooven.com.br\/en\/cases-list\/","og_locale":"pt_BR","og_type":"article","og_title":"Cases list - Grupo Mooven - EN","og_description":"[vc_row][vc_column width=&#8221;2\/3&#8243;][stm_news loop=&#8221;size:5|post_type:stm_works&#8221; view_style=&#8221;style_3&#8243; img_size=&#8221;260&#215;170&#8243;][\/vc_column][vc_column width=&#8221;1\/3&#8243;][stm_sidebar sidebar=&#8221;573&#8243;][\/vc_column][\/vc_row]","og_url":"https:\/\/grupomooven.com.br\/en\/cases-list\/","og_site_name":"Grupo Mooven - EN","twitter_card":"summary_large_image","schema":{"@context":"https:\/\/schema.org","@graph":[{"@type":"WebPage","@id":"https:\/\/grupomooven.com.br\/en\/cases-list\/","url":"https:\/\/grupomooven.com.br\/en\/cases-list\/","name":"Cases list - Grupo Mooven - EN","isPartOf":{"@id":"https:\/\/grupomooven.com.br\/en\/#website"},"datePublished":"2019-12-09T11:41:49+00:00","breadcrumb":{"@id":"https:\/\/grupomooven.com.br\/en\/cases-list\/#breadcrumb"},"inLanguage":"pt-BR","potentialAction":[{"@type":"ReadAction","target":["https:\/\/grupomooven.com.br\/en\/cases-list\/"]}]},{"@type":"BreadcrumbList","@id":"https:\/\/grupomooven.com.br\/en\/cases-list\/#breadcrumb","itemListElement":[{"@type":"ListItem","position":1,"name":"In\u00edcio","item":"https:\/\/grupomooven.com.br\/en\/"},{"@type":"ListItem","position":2,"name":"Cases list"}]},{"@type":"WebSite","@id":"https:\/\/grupomooven.com.br\/en\/#website","url":"https:\/\/grupomooven.com.br\/en\/","name":"Grupo Mooven - EN","description":"Empowering growth. Thriving together","potentialAction":[{"@type":"SearchAction","target":{"@type":"EntryPoint","urlTemplate":"https:\/\/grupomooven.com.br\/en\/?s={search_term_string}"},"query-input":{"@type":"PropertyValueSpecification","valueRequired":true,"valueName":"search_term_string"}}],"inLanguage":"pt-BR"}]}},"_links":{"self":[{"href":"https:\/\/grupomooven.com.br\/en\/wp-json\/wp\/v2\/pages\/6318","targetHints":{"allow":["GET"]}}],"collection":[{"href":"https:\/\/grupomooven.com.br\/en\/wp-json\/wp\/v2\/pages"}],"about":[{"href":"https:\/\/grupomooven.com.br\/en\/wp-json\/wp\/v2\/types\/page"}],"author":[{"embeddable":true,"href":"https:\/\/grupomooven.com.br\/en\/wp-json\/wp\/v2\/users\/1"}],"replies":[{"embeddable":true,"href":"https:\/\/grupomooven.com.br\/en\/wp-json\/wp\/v2\/comments?post=6318"}],"version-history":[{"count":0,"href":"https:\/\/grupomooven.com.br\/en\/wp-json\/wp\/v2\/pages\/6318\/revisions"}],"wp:attachment":[{"href":"https:\/\/grupomooven.com.br\/en\/wp-json\/wp\/v2\/media?parent=6318"}],"curies":[{"name":"wp","href":"https:\/\/api.w.org\/{rel}","templated":true}]}}