{"id":48032,"date":"2023-12-04T11:42:08","date_gmt":"2023-12-04T14:42:08","guid":{"rendered":"https:\/\/grupomooven.com.br\/studios\/?page_id=48032"},"modified":"2023-12-04T11:44:11","modified_gmt":"2023-12-04T14:44:11","slug":"manifesto","status":"publish","type":"page","link":"https:\/\/grupomooven.com.br\/studios\/manifesto\/","title":{"rendered":"Manifesto"},"content":{"rendered":"\t\t<div data-elementor-type=\"wp-page\" data-elementor-id=\"48032\" class=\"elementor elementor-48032\" data-elementor-settings=\"{&quot;ha_cmc_init_switcher&quot;:&quot;no&quot;}\" data-elementor-post-type=\"page\">\n\t\t\t\t\t\t<section class=\"elementor-section elementor-top-section elementor-element elementor-element-1c2a65bc ang-section-padding-no elementor-section-boxed elementor-section-height-default elementor-section-height-default elementor-repeater-item-none elementor-repeater-item-none_hover\" data-id=\"1c2a65bc\" data-element_type=\"section\" data-e-type=\"section\" data-settings=\"{&quot;background_background&quot;:&quot;classic&quot;,&quot;_ha_eqh_enable&quot;:false}\">\n\t\t\t\t\t\t<div class=\"elementor-container elementor-column-gap-no\">\n\t\t\t\t\t<div class=\"elementor-column elementor-col-100 elementor-top-column elementor-element elementor-element-8260e9f elementor-repeater-item-none elementor-repeater-item-none_hover\" data-id=\"8260e9f\" data-element_type=\"column\" data-e-type=\"column\">\n\t\t\t<div class=\"elementor-widget-wrap elementor-element-populated\">\n\t\t\t\t\t\t<div class=\"elementor-section elementor-inner-section elementor-element elementor-element-20da13fe elementor-section-height-min-height elementor-section-boxed ang-section-padding-initial elementor-section-height-default elementor-repeater-item-none elementor-repeater-item-none_hover\" data-id=\"20da13fe\" data-element_type=\"section\" data-e-type=\"section\" data-settings=\"{&quot;background_background&quot;:&quot;classic&quot;,&quot;_ha_eqh_enable&quot;:false}\">\n\t\t\t\t\t\t<div class=\"elementor-container elementor-column-gap-default\">\n\t\t\t\t\t<div class=\"elementor-column elementor-col-100 elementor-inner-column elementor-element elementor-element-e76309f valor-unico elementor-repeater-item-none elementor-repeater-item-none_hover\" data-id=\"e76309f\" data-element_type=\"column\" data-e-type=\"column\" data-settings=\"{&quot;background_background&quot;:&quot;classic&quot;}\">\n\t\t\t<div class=\"elementor-widget-wrap elementor-element-populated\">\n\t\t\t\t\t<div class=\"elementor-background-overlay\"><\/div>\n\t\t\t\t\t\t<div class=\"elementor-element elementor-element-3497aceb elementor-widget__width-initial elementor-repeater-item-none elementor-repeater-item-none_hover elementor-widget elementor-widget-text-editor\" data-id=\"3497aceb\" data-element_type=\"widget\" data-e-type=\"widget\" data-widget_type=\"text-editor.default\">\n\t\t\t\t<div class=\"elementor-widget-container\">\n\t\t\t\t\t\t\t\t\t<p>N\u00f3s do grupo Mooven compreendemos o <strong>valor \u00fanico da prosperidade<\/strong> e queremos ajudar pessoas e empresas a conquist\u00e1-la.<\/p>\t\t\t\t\t\t\t\t<\/div>\n\t\t\t\t<\/div>\n\t\t\t\t\t<\/div>\n\t\t<\/div>\n\t\t\t\t\t<\/div>\n\t\t<\/div>\n\t\t\t\t<div class=\"elementor-section elementor-inner-section elementor-element elementor-element-4a936585 elementor-section-boxed ang-section-padding-initial elementor-section-height-default elementor-section-height-default elementor-repeater-item-none elementor-repeater-item-none_hover\" data-id=\"4a936585\" data-element_type=\"section\" data-e-type=\"section\" data-settings=\"{&quot;background_background&quot;:&quot;classic&quot;,&quot;_ha_eqh_enable&quot;:false}\">\n\t\t\t\t\t\t<div class=\"elementor-container elementor-column-gap-default\">\n\t\t\t\t\t<div class=\"elementor-column elementor-col-100 elementor-inner-column elementor-element elementor-element-53123037 elementor-repeater-item-none elementor-repeater-item-none_hover\" data-id=\"53123037\" data-element_type=\"column\" data-e-type=\"column\">\n\t\t\t<div class=\"elementor-widget-wrap elementor-element-populated\">\n\t\t\t\t\t\t<div class=\"elementor-element elementor-element-25f24228 elementor-hidden-mobile elementor-repeater-item-none elementor-repeater-item-none_hover elementor-widget elementor-widget-text-editor\" data-id=\"25f24228\" data-element_type=\"widget\" data-e-type=\"widget\" data-widget_type=\"text-editor.default\">\n\t\t\t\t<div class=\"elementor-widget-container\">\n\t\t\t\t\t\t\t\t\tPor isso, convidamos todos a embarcar na nossa vis\u00e3o de prosperidade, atrav\u00e9s deste Manifesto:\t\t\t\t\t\t\t\t<\/div>\n\t\t\t\t<\/div>\n\t\t\t\t<div class=\"elementor-element elementor-element-632f704a elementor-hidden-desktop elementor-hidden-tablet elementor-repeater-item-none elementor-repeater-item-none_hover elementor-widget elementor-widget-text-editor\" data-id=\"632f704a\" data-element_type=\"widget\" data-e-type=\"widget\" data-widget_type=\"text-editor.default\">\n\t\t\t\t<div class=\"elementor-widget-container\">\n\t\t\t\t\t\t\t\t\tPor isso, convidamos todos a embarcar na nossa vis\u00e3o de prosperidade, atrav\u00e9s deste Manifesto:\t\t\t\t\t\t\t\t<\/div>\n\t\t\t\t<\/div>\n\t\t\t\t<div class=\"elementor-element elementor-element-61443667 elementor-widget-divider--view-line_icon elementor-view-default elementor-widget-divider--element-align-center elementor-repeater-item-none elementor-repeater-item-none_hover elementor-widget elementor-widget-divider\" data-id=\"61443667\" data-element_type=\"widget\" data-e-type=\"widget\" data-widget_type=\"divider.default\">\n\t\t\t\t<div class=\"elementor-widget-container\">\n\t\t\t\t\t\t\t<div class=\"elementor-divider\">\n\t\t\t<span class=\"elementor-divider-separator\">\n\t\t\t\t\t\t\t<div class=\"elementor-icon elementor-divider__element\">\n\t\t\t\t\t<\/div>\n\t\t\t\t\t\t<\/span>\n\t\t<\/div>\n\t\t\t\t\t\t<\/div>\n\t\t\t\t<\/div>\n\t\t\t\t<div class=\"elementor-element elementor-element-83a39bd elementor-repeater-item-none elementor-repeater-item-none_hover elementor-widget elementor-widget-text-editor\" data-id=\"83a39bd\" data-element_type=\"widget\" data-e-type=\"widget\" data-widget_type=\"text-editor.default\">\n\t\t\t\t<div class=\"elementor-widget-container\">\n\t\t\t\t\t\t\t\t\t<p class=\"text-config\">Desde a nossa funda\u00e7\u00e3o em 2016, <em>\u201cser um ve\u00edculo de prosperidade para pessoas e empresas\u201d<\/em>, \u00e9 o prop\u00f3sito que nos une.<\/p><p class=\"text-config\">Muito mais do que a no\u00e7\u00e3o comum e enlatada de riqueza e abund\u00e2ncia financeira, <strong>a prosperidade \u00e9 ampla e permeia a vida em todas as suas nuances<\/strong>, rodeadas de grandes aspectos e detalhes. Detalhes que fazem toda a diferen\u00e7a.<\/p><p class=\"text-config\"><strong>Prosperar \u00e9 um ato cont\u00ednuo e tem reflexos duradouros<\/strong>. Para cada um, de forma individual, prosperidade deve ser um ato di\u00e1rio. Hoje voc\u00ea pode prosperar aprendendo e se desenvolvendo, cuidando melhor da sua sa\u00fade f\u00edsica e mental, da sua espiritualidade e at\u00e9 mesmo das suas finan\u00e7as.<\/p><p class=\"text-config\">Tudo isso gera a capacidade de voc\u00ea encerrar seu dia de hoje melhor do que come\u00e7ou, mas satisfeito com seu trabalho, estudo e tudo que voc\u00ea fez. <strong>Desempenhar melhor \u00e9 prosperar.<\/strong><\/p><p class=\"text-config\">Mas al\u00e9m de voc\u00ea, <strong>a maior prosperidade, a verdadeira abund\u00e2ncia, \u00e9 o impacto que os seus atos geram em outros<\/strong>. A capacidade de multiplicar o que tem valor e gerar um legado positivo \u00e9 a maior prosperidade de todas, sendo ainda maior quando pessoas unem for\u00e7as por um objetivo em comum. Por isso, <strong>a prosperidade tamb\u00e9m \u00e9 impulsionada pelas empresas<\/strong>, e como grupo transformamos em nosso prop\u00f3sito para o mundo.<\/p><p class=\"text-config\">\u00c9 claro que multiplicar e gerar um legado n\u00e3o \u00e9 um ato simples e r\u00e1pido, j\u00e1 que <b>prosperar \u00e9 evoluir de forma cont\u00ednua e perene, fazendo sempre a vontade de Deus, atrav\u00e9s da ora\u00e7\u00e3o, miseric\u00f3rdia e caridade<\/b>. Este n\u00e3o \u00e9 um caminho f\u00e1cil, mas vale cada esfor\u00e7o. E com certeza tem muito mais valor do que bens acumulados, j\u00e1 que realmente \u00e9 positivo para todos.<\/p><p class=\"text-config\"><strong><em>Embarque com a gente nessa vis\u00e3o, estamos espalhando prosperidade e queremos que voc\u00ea prospere! Est\u00e1 ao seu alcance e n\u00f3s queremos ajudar.<\/em><\/strong><\/p>\t\t\t\t\t\t\t\t<\/div>\n\t\t\t\t<\/div>\n\t\t\t\t\t<\/div>\n\t\t<\/div>\n\t\t\t\t\t<\/div>\n\t\t<\/div>\n\t\t\t\t\t<\/div>\n\t\t<\/div>\n\t\t\t\t\t<\/div>\n\t\t<\/section>\n\t\t\t\t<\/div>\n\t\t","protected":false},"excerpt":{"rendered":"<p>N\u00f3s do grupo Mooven compreendemos o valor \u00fanico da prosperidade e queremos ajudar pessoas e empresas a conquist\u00e1-la. Por isso, convidamos todos a embarcar na nossa vis\u00e3o de prosperidade, atrav\u00e9s deste Manifesto:Por isso, convidamos todos a embarcar na nossa vis\u00e3o de prosperidade, atrav\u00e9s deste Manifesto: Desde a nossa funda\u00e7\u00e3o em 2016, \u201cser um ve\u00edculo de [&hellip;]<\/p>\n","protected":false},"author":2,"featured_media":0,"parent":0,"menu_order":0,"comment_status":"closed","ping_status":"closed","template":"elementor_canvas","meta":{"_joinchat":[],"footnotes":""},"class_list":["post-48032","page","type-page","status-publish","hentry"],"yoast_head":"<!-- This site is optimized with the Yoast SEO plugin v24.9 - https:\/\/yoast.com\/wordpress\/plugins\/seo\/ -->\n<title>Manifesto - Mooven Studios<\/title>\n<meta name=\"robots\" content=\"index, follow, max-snippet:-1, max-image-preview:large, max-video-preview:-1\" \/>\n<link rel=\"canonical\" href=\"https:\/\/grupomooven.com.br\/studios\/manifesto\/\" \/>\n<meta property=\"og:locale\" content=\"pt_BR\" \/>\n<meta property=\"og:type\" content=\"article\" \/>\n<meta property=\"og:title\" content=\"Manifesto - Mooven Studios\" \/>\n<meta property=\"og:description\" content=\"N\u00f3s do grupo Mooven compreendemos o valor \u00fanico da prosperidade e queremos ajudar pessoas e empresas a conquist\u00e1-la. Por isso, convidamos todos a embarcar na nossa vis\u00e3o de prosperidade, atrav\u00e9s deste Manifesto:Por isso, convidamos todos a embarcar na nossa vis\u00e3o de prosperidade, atrav\u00e9s deste Manifesto: Desde a nossa funda\u00e7\u00e3o em 2016, \u201cser um ve\u00edculo de [&hellip;]\" \/>\n<meta property=\"og:url\" content=\"https:\/\/grupomooven.com.br\/studios\/manifesto\/\" \/>\n<meta property=\"og:site_name\" content=\"Mooven Studios\" \/>\n<meta property=\"article:publisher\" content=\"https:\/\/www.facebook.com\/moovencreative\" \/>\n<meta property=\"article:modified_time\" content=\"2023-12-04T14:44:11+00:00\" \/>\n<meta name=\"twitter:card\" content=\"summary_large_image\" \/>\n<meta name=\"twitter:label1\" content=\"Est. tempo de leitura\" \/>\n\t<meta name=\"twitter:data1\" content=\"2 minutos\" \/>\n<script type=\"application\/ld+json\" class=\"yoast-schema-graph\">{\"@context\":\"https:\/\/schema.org\",\"@graph\":[{\"@type\":\"WebPage\",\"@id\":\"https:\/\/grupomooven.com.br\/studios\/manifesto\/\",\"url\":\"https:\/\/grupomooven.com.br\/studios\/manifesto\/\",\"name\":\"Manifesto - Mooven Studios\",\"isPartOf\":{\"@id\":\"https:\/\/grupomooven.com.br\/studios\/#website\"},\"datePublished\":\"2023-12-04T14:42:08+00:00\",\"dateModified\":\"2023-12-04T14:44:11+00:00\",\"breadcrumb\":{\"@id\":\"https:\/\/grupomooven.com.br\/studios\/manifesto\/#breadcrumb\"},\"inLanguage\":\"pt-BR\",\"potentialAction\":[{\"@type\":\"ReadAction\",\"target\":[\"https:\/\/grupomooven.com.br\/studios\/manifesto\/\"]}]},{\"@type\":\"BreadcrumbList\",\"@id\":\"https:\/\/grupomooven.com.br\/studios\/manifesto\/#breadcrumb\",\"itemListElement\":[{\"@type\":\"ListItem\",\"position\":1,\"name\":\"In\u00edcio\",\"item\":\"https:\/\/grupomooven.com.br\/studios\/\"},{\"@type\":\"ListItem\",\"position\":2,\"name\":\"Manifesto\"}]},{\"@type\":\"WebSite\",\"@id\":\"https:\/\/grupomooven.com.br\/studios\/#website\",\"url\":\"https:\/\/grupomooven.com.br\/studios\/\",\"name\":\"Mooven Studios\",\"description\":\"\",\"publisher\":{\"@id\":\"https:\/\/grupomooven.com.br\/studios\/#organization\"},\"potentialAction\":[{\"@type\":\"SearchAction\",\"target\":{\"@type\":\"EntryPoint\",\"urlTemplate\":\"https:\/\/grupomooven.com.br\/studios\/?s={search_term_string}\"},\"query-input\":{\"@type\":\"PropertyValueSpecification\",\"valueRequired\":true,\"valueName\":\"search_term_string\"}}],\"inLanguage\":\"pt-BR\"},{\"@type\":\"Organization\",\"@id\":\"https:\/\/grupomooven.com.br\/studios\/#organization\",\"name\":\"Grupo Mooven\",\"url\":\"https:\/\/grupomooven.com.br\/studios\/\",\"logo\":{\"@type\":\"ImageObject\",\"inLanguage\":\"pt-BR\",\"@id\":\"https:\/\/grupomooven.com.br\/studios\/#\/schema\/logo\/image\/\",\"url\":\"https:\/\/grupomooven.com.br\/studios\/wp-content\/uploads\/sites\/4\/2025\/06\/logo.png\",\"contentUrl\":\"https:\/\/grupomooven.com.br\/studios\/wp-content\/uploads\/sites\/4\/2025\/06\/logo.png\",\"width\":700,\"height\":700,\"caption\":\"Grupo Mooven\"},\"image\":{\"@id\":\"https:\/\/grupomooven.com.br\/studios\/#\/schema\/logo\/image\/\"},\"sameAs\":[\"https:\/\/www.facebook.com\/moovencreative\",\"https:\/\/www.instagram.com\/moovenstudios\"]}]}<\/script>\n<!-- \/ Yoast SEO plugin. -->","yoast_head_json":{"title":"Manifesto - Mooven Studios","robots":{"index":"index","follow":"follow","max-snippet":"max-snippet:-1","max-image-preview":"max-image-preview:large","max-video-preview":"max-video-preview:-1"},"canonical":"https:\/\/grupomooven.com.br\/studios\/manifesto\/","og_locale":"pt_BR","og_type":"article","og_title":"Manifesto - Mooven Studios","og_description":"N\u00f3s do grupo Mooven compreendemos o valor \u00fanico da prosperidade e queremos ajudar pessoas e empresas a conquist\u00e1-la. Por isso, convidamos todos a embarcar na nossa vis\u00e3o de prosperidade, atrav\u00e9s deste Manifesto:Por isso, convidamos todos a embarcar na nossa vis\u00e3o de prosperidade, atrav\u00e9s deste Manifesto: Desde a nossa funda\u00e7\u00e3o em 2016, \u201cser um ve\u00edculo de [&hellip;]","og_url":"https:\/\/grupomooven.com.br\/studios\/manifesto\/","og_site_name":"Mooven Studios","article_publisher":"https:\/\/www.facebook.com\/moovencreative","article_modified_time":"2023-12-04T14:44:11+00:00","twitter_card":"summary_large_image","twitter_misc":{"Est. tempo de leitura":"2 minutos"},"schema":{"@context":"https:\/\/schema.org","@graph":[{"@type":"WebPage","@id":"https:\/\/grupomooven.com.br\/studios\/manifesto\/","url":"https:\/\/grupomooven.com.br\/studios\/manifesto\/","name":"Manifesto - Mooven Studios","isPartOf":{"@id":"https:\/\/grupomooven.com.br\/studios\/#website"},"datePublished":"2023-12-04T14:42:08+00:00","dateModified":"2023-12-04T14:44:11+00:00","breadcrumb":{"@id":"https:\/\/grupomooven.com.br\/studios\/manifesto\/#breadcrumb"},"inLanguage":"pt-BR","potentialAction":[{"@type":"ReadAction","target":["https:\/\/grupomooven.com.br\/studios\/manifesto\/"]}]},{"@type":"BreadcrumbList","@id":"https:\/\/grupomooven.com.br\/studios\/manifesto\/#breadcrumb","itemListElement":[{"@type":"ListItem","position":1,"name":"In\u00edcio","item":"https:\/\/grupomooven.com.br\/studios\/"},{"@type":"ListItem","position":2,"name":"Manifesto"}]},{"@type":"WebSite","@id":"https:\/\/grupomooven.com.br\/studios\/#website","url":"https:\/\/grupomooven.com.br\/studios\/","name":"Mooven Studios","description":"","publisher":{"@id":"https:\/\/grupomooven.com.br\/studios\/#organization"},"potentialAction":[{"@type":"SearchAction","target":{"@type":"EntryPoint","urlTemplate":"https:\/\/grupomooven.com.br\/studios\/?s={search_term_string}"},"query-input":{"@type":"PropertyValueSpecification","valueRequired":true,"valueName":"search_term_string"}}],"inLanguage":"pt-BR"},{"@type":"Organization","@id":"https:\/\/grupomooven.com.br\/studios\/#organization","name":"Grupo Mooven","url":"https:\/\/grupomooven.com.br\/studios\/","logo":{"@type":"ImageObject","inLanguage":"pt-BR","@id":"https:\/\/grupomooven.com.br\/studios\/#\/schema\/logo\/image\/","url":"https:\/\/grupomooven.com.br\/studios\/wp-content\/uploads\/sites\/4\/2025\/06\/logo.png","contentUrl":"https:\/\/grupomooven.com.br\/studios\/wp-content\/uploads\/sites\/4\/2025\/06\/logo.png","width":700,"height":700,"caption":"Grupo Mooven"},"image":{"@id":"https:\/\/grupomooven.com.br\/studios\/#\/schema\/logo\/image\/"},"sameAs":["https:\/\/www.facebook.com\/moovencreative","https:\/\/www.instagram.com\/moovenstudios"]}]}},"_links":{"self":[{"href":"https:\/\/grupomooven.com.br\/studios\/wp-json\/wp\/v2\/pages\/48032","targetHints":{"allow":["GET"]}}],"collection":[{"href":"https:\/\/grupomooven.com.br\/studios\/wp-json\/wp\/v2\/pages"}],"about":[{"href":"https:\/\/grupomooven.com.br\/studios\/wp-json\/wp\/v2\/types\/page"}],"author":[{"embeddable":true,"href":"https:\/\/grupomooven.com.br\/studios\/wp-json\/wp\/v2\/users\/2"}],"replies":[{"embeddable":true,"href":"https:\/\/grupomooven.com.br\/studios\/wp-json\/wp\/v2\/comments?post=48032"}],"version-history":[{"count":0,"href":"https:\/\/grupomooven.com.br\/studios\/wp-json\/wp\/v2\/pages\/48032\/revisions"}],"wp:attachment":[{"href":"https:\/\/grupomooven.com.br\/studios\/wp-json\/wp\/v2\/media?parent=48032"}],"curies":[{"name":"wp","href":"https:\/\/api.w.org\/{rel}","templated":true}]}}